{"id":727,"date":"2024-07-08T12:55:52","date_gmt":"2024-07-08T11:55:52","guid":{"rendered":"https:\/\/bekos.hr\/our-services\/"},"modified":"2024-10-09T09:49:54","modified_gmt":"2024-10-09T08:49:54","slug":"our-services","status":"publish","type":"page","link":"https:\/\/bekos.hr\/en\/our-services\/","title":{"rendered":"Our services"},"content":{"rendered":"\t\t<div data-elementor-type=\"wp-page\" data-elementor-id=\"727\" class=\"elementor elementor-727 elementor-509\" data-elementor-post-type=\"page\">\n\t\t\t\t<div class=\"elementor-element elementor-element-1975cc8 dark-section e-flex e-con-boxed e-con e-parent\" data-id=\"1975cc8\" data-element_type=\"container\" data-settings=\"{&quot;background_background&quot;:&quot;classic&quot;,&quot;background_motion_fx_motion_fx_scrolling&quot;:&quot;yes&quot;,&quot;background_motion_fx_translateY_effect&quot;:&quot;yes&quot;,&quot;background_motion_fx_translateY_speed&quot;:{&quot;unit&quot;:&quot;px&quot;,&quot;size&quot;:4.4,&quot;sizes&quot;:[]},&quot;background_motion_fx_translateY_affectedRange&quot;:{&quot;unit&quot;:&quot;%&quot;,&quot;size&quot;:&quot;&quot;,&quot;sizes&quot;:{&quot;start&quot;:0,&quot;end&quot;:100}},&quot;background_motion_fx_devices&quot;:[&quot;desktop&quot;,&quot;tablet&quot;,&quot;mobile&quot;]}\">\n\t\t\t\t\t<div class=\"e-con-inner\">\n\t\t<div class=\"elementor-element elementor-element-570d8ca e-con-full e-flex e-con e-child\" data-id=\"570d8ca\" data-element_type=\"container\">\n\t\t<div class=\"elementor-element elementor-element-c71f1b1 e-con-full e-flex e-con e-child\" data-id=\"c71f1b1\" data-element_type=\"container\">\n\t\t<div class=\"elementor-element elementor-element-35b19f4 e-con-full e-flex e-con e-child\" data-id=\"35b19f4\" data-element_type=\"container\">\n\t\t\t\t<div class=\"elementor-element elementor-element-9b7472d animated-fast elementor-invisible elementor-widget elementor-widget-heading\" data-id=\"9b7472d\" data-element_type=\"widget\" data-settings=\"{&quot;_animation&quot;:&quot;fadeInUp&quot;,&quot;_animation_delay&quot;:0}\" data-widget_type=\"heading.default\">\n\t\t\t\t<div class=\"elementor-widget-container\">\n\t\t\t\t\t<div class=\"elementor-heading-title elementor-size-default\">Translation agency<\/div>\t\t\t\t<\/div>\n\t\t\t\t<\/div>\n\t\t\t\t<div class=\"elementor-element elementor-element-f97ccca animated-fast elementor-widget-divider--view-line elementor-invisible elementor-widget elementor-widget-divider\" data-id=\"f97ccca\" data-element_type=\"widget\" data-settings=\"{&quot;_animation&quot;:&quot;fadeInUp&quot;,&quot;_animation_delay&quot;:0}\" data-widget_type=\"divider.default\">\n\t\t\t\t<div class=\"elementor-widget-container\">\n\t\t\t\t\t\t\t<div class=\"elementor-divider\">\n\t\t\t<span class=\"elementor-divider-separator\">\n\t\t\t\t\t\t<\/span>\n\t\t<\/div>\n\t\t\t\t\t\t<\/div>\n\t\t\t\t<\/div>\n\t\t\t\t<\/div>\n\t\t\t\t<div class=\"elementor-element elementor-element-01ab3ec animated-fast elementor-invisible elementor-widget elementor-widget-heading\" data-id=\"01ab3ec\" data-element_type=\"widget\" data-settings=\"{&quot;_animation&quot;:&quot;fadeInUp&quot;,&quot;_animation_delay&quot;:300}\" data-widget_type=\"heading.default\">\n\t\t\t\t<div class=\"elementor-widget-container\">\n\t\t\t\t\t<h1 class=\"elementor-heading-title elementor-size-default\">Services tailored to your requirements<\/h1>\t\t\t\t<\/div>\n\t\t\t\t<\/div>\n\t\t\t\t<\/div>\n\t\t<div class=\"elementor-element elementor-element-2915366 e-con-full e-flex e-con e-child\" data-id=\"2915366\" data-element_type=\"container\" data-settings=\"{&quot;background_background&quot;:&quot;classic&quot;}\">\n\t\t\t\t<div class=\"elementor-element elementor-element-18a030c animated-fast elementor-invisible elementor-widget elementor-widget-text-editor\" data-id=\"18a030c\" data-element_type=\"widget\" data-settings=\"{&quot;_animation&quot;:&quot;fadeInUp&quot;,&quot;_animation_delay&quot;:600}\" data-widget_type=\"text-editor.default\">\n\t\t\t\t<div class=\"elementor-widget-container\">\n\t\t\t\t\t\t\t\t\t<p>We believe in the importance of accuracy and precision of our translations. Our basic offering includes written certified and uncertified translations and proofreading services, thus ensuring linguistic and stylistic correctness, as well as oral translation, specifically simultaneous translation for major conferences or events, and consecutive translation for structured business meetings. By using our services, your message will reach the target audience without any language barriers.  <\/p>\n\t\t\t\t\t\t\t\t<\/div>\n\t\t\t\t<\/div>\n\t\t\t\t<\/div>\n\t\t\t\t<\/div>\n\t\t\t\t\t<\/div>\n\t\t\t\t<\/div>\n\t\t<div class=\"elementor-element elementor-element-2c5c269 e-flex e-con-boxed e-con e-parent\" data-id=\"2c5c269\" data-element_type=\"container\">\n\t\t\t\t\t<div class=\"e-con-inner\">\n\t\t<div class=\"elementor-element elementor-element-20192ba e-con-full e-flex e-con e-child\" data-id=\"20192ba\" data-element_type=\"container\">\n\t\t<div class=\"elementor-element elementor-element-e79871b e-con-full e-flex e-con e-child\" data-id=\"e79871b\" data-element_type=\"container\" data-settings=\"{&quot;background_background&quot;:&quot;classic&quot;}\">\n\t\t\t\t<div class=\"elementor-element elementor-element-9a16fe9 animated-fast e-transform elementor-position-top elementor-invisible elementor-widget elementor-widget-image-box\" data-id=\"9a16fe9\" data-element_type=\"widget\" data-settings=\"{&quot;_animation&quot;:&quot;zoomIn&quot;,&quot;_transform_scale_effect&quot;:{&quot;unit&quot;:&quot;px&quot;,&quot;size&quot;:1.8,&quot;sizes&quot;:[]},&quot;_transform_scale_effect_tablet&quot;:{&quot;unit&quot;:&quot;px&quot;,&quot;size&quot;:&quot;&quot;,&quot;sizes&quot;:[]},&quot;_transform_scale_effect_mobile&quot;:{&quot;unit&quot;:&quot;px&quot;,&quot;size&quot;:&quot;&quot;,&quot;sizes&quot;:[]}}\" data-widget_type=\"image-box.default\">\n\t\t\t\t<div class=\"elementor-widget-container\">\n\t\t\t\t\t<div class=\"elementor-image-box-wrapper\"><figure class=\"elementor-image-box-img\"><img decoding=\"async\" width=\"93\" height=\"64\" src=\"https:\/\/bekos.hr\/wp-content\/uploads\/2024\/05\/language-translate-speech-bubbles-black-icon-1.svg\" class=\"attachment-full size-full wp-image-120\" alt=\"\" \/><\/figure><\/div>\t\t\t\t<\/div>\n\t\t\t\t<\/div>\n\t\t\t\t<\/div>\n\t\t\t\t<\/div>\n\t\t<div class=\"elementor-element elementor-element-0f1cda0 e-con-full e-flex e-con e-child\" data-id=\"0f1cda0\" data-element_type=\"container\">\n\t\t\t\t<div class=\"elementor-element elementor-element-4f134a9 animated-fast elementor-invisible elementor-widget elementor-widget-heading\" data-id=\"4f134a9\" data-element_type=\"widget\" data-settings=\"{&quot;_animation&quot;:&quot;fadeInUp&quot;,&quot;_animation_delay&quot;:1500}\" data-widget_type=\"heading.default\">\n\t\t\t\t<div class=\"elementor-widget-container\">\n\t\t\t\t\t<h2 class=\"elementor-heading-title elementor-size-default\">Written translations<\/h2>\t\t\t\t<\/div>\n\t\t\t\t<\/div>\n\t\t\t\t<div class=\"elementor-element elementor-element-21e900f animated-fast elementor-invisible elementor-widget elementor-widget-heading\" data-id=\"21e900f\" data-element_type=\"widget\" data-settings=\"{&quot;_animation&quot;:&quot;fadeInUp&quot;,&quot;_animation_delay&quot;:1500}\" data-widget_type=\"heading.default\">\n\t\t\t\t<div class=\"elementor-widget-container\">\n\t\t\t\t\t<h3 class=\"elementor-heading-title elementor-size-default\">Certified and uncertified written translations<\/h3>\t\t\t\t<\/div>\n\t\t\t\t<\/div>\n\t\t\t\t<div class=\"elementor-element elementor-element-cfd2fee animated-fast elementor-invisible elementor-widget elementor-widget-text-editor\" data-id=\"cfd2fee\" data-element_type=\"widget\" data-settings=\"{&quot;_animation&quot;:&quot;fadeInUp&quot;,&quot;_animation_delay&quot;:1800}\" data-widget_type=\"text-editor.default\">\n\t\t\t\t<div class=\"elementor-widget-container\">\n\t\t\t\t\t\t\t\t\t<p><span style=\"font-weight: 400;\">You need a written translation service? Certified or uncertified? Then you have \u201cwandered\u201d into the right place! If you are looking for quality, efficiency, speed and reliability, we have such a service to offer. The members of our translation team are court interpreters and translators with years of experience and will provide you with a high-quality certified translation.     <\/span><\/p>\n<p><span style=\"font-weight: 400;\">What does this mean? A certified translation provided by a court interpreter is a translation into a particular language, where a court interpreter warrants by his\/her declaration, stamp and signature that the translation is consistent with the original wording. <\/span><\/p>\n<p><span style=\"font-weight: 400;\">The most common types of documents requiring certified translations include business (corporate) documents such as court registry extracts, powers of attorney, various certificates and notarizations, as well as personal documents such as birth or marriage certificates, free marital status certificates, certificates of no criminal record, certificates of no conviction, certificates of residence, grade reports, diplomas, etc.<\/span><\/p>\n\t\t\t\t\t\t\t\t<\/div>\n\t\t\t\t<\/div>\n\t\t\t\t<\/div>\n\t\t\t\t\t<\/div>\n\t\t\t\t<\/div>\n\t\t<div class=\"elementor-element elementor-element-df0b2b7 e-flex e-con-boxed e-con e-parent\" data-id=\"df0b2b7\" data-element_type=\"container\" data-settings=\"{&quot;background_background&quot;:&quot;classic&quot;}\">\n\t\t\t\t\t<div class=\"e-con-inner\">\n\t\t<div class=\"elementor-element elementor-element-bf20465 e-con-full e-flex e-con e-child\" data-id=\"bf20465\" data-element_type=\"container\">\n\t\t\t\t<div class=\"elementor-element elementor-element-ebe7566 animated-fast elementor-invisible elementor-widget elementor-widget-heading\" data-id=\"ebe7566\" data-element_type=\"widget\" data-settings=\"{&quot;_animation&quot;:&quot;fadeInUp&quot;,&quot;_animation_delay&quot;:1500}\" data-widget_type=\"heading.default\">\n\t\t\t\t<div class=\"elementor-widget-container\">\n\t\t\t\t\t<h2 class=\"elementor-heading-title elementor-size-default\">Proofreading<\/h2>\t\t\t\t<\/div>\n\t\t\t\t<\/div>\n\t\t\t\t<div class=\"elementor-element elementor-element-6dc7139 animated-fast elementor-invisible elementor-widget elementor-widget-text-editor\" data-id=\"6dc7139\" data-element_type=\"widget\" data-settings=\"{&quot;_animation&quot;:&quot;fadeInUp&quot;,&quot;_animation_delay&quot;:1800}\" data-widget_type=\"text-editor.default\">\n\t\t\t\t<div class=\"elementor-widget-container\">\n\t\t\t\t\t\t\t\t\t<p><span style=\"font-weight: 400;\">Proofreading normally amounts to correcting spelling and grammatical errors, however, it includes more than that. Consistence is a requirement, which is why a proofreader will also deal with lexicology, syntax and stylistics. Text are normally proofread by court interpreters and translators who are proficient in both the source language and the target language and are well acquainted with the relevant rules, exceptions and standards. Please feel free to contact us if you are not sure whether or not your text is fit for its intended purposes in terms of language and style, and we will provide you with a top-quality service.   <\/span><\/p>\n\t\t\t\t\t\t\t\t<\/div>\n\t\t\t\t<\/div>\n\t\t\t\t<\/div>\n\t\t<div class=\"elementor-element elementor-element-55001f7 e-con-full e-flex e-con e-child\" data-id=\"55001f7\" data-element_type=\"container\">\n\t\t<div class=\"elementor-element elementor-element-f3c05cf e-con-full e-flex e-con e-child\" data-id=\"f3c05cf\" data-element_type=\"container\" data-settings=\"{&quot;background_background&quot;:&quot;classic&quot;}\">\n\t\t\t\t<div class=\"elementor-element elementor-element-677d018 animated-fast e-transform elementor-position-top elementor-invisible elementor-widget elementor-widget-image-box\" data-id=\"677d018\" data-element_type=\"widget\" data-settings=\"{&quot;_animation&quot;:&quot;zoomIn&quot;,&quot;_transform_scale_effect&quot;:{&quot;unit&quot;:&quot;px&quot;,&quot;size&quot;:1.8,&quot;sizes&quot;:[]},&quot;_transform_scale_effect_tablet&quot;:{&quot;unit&quot;:&quot;px&quot;,&quot;size&quot;:&quot;&quot;,&quot;sizes&quot;:[]},&quot;_transform_scale_effect_mobile&quot;:{&quot;unit&quot;:&quot;px&quot;,&quot;size&quot;:&quot;&quot;,&quot;sizes&quot;:[]}}\" data-widget_type=\"image-box.default\">\n\t\t\t\t<div class=\"elementor-widget-container\">\n\t\t\t\t\t<div class=\"elementor-image-box-wrapper\"><figure class=\"elementor-image-box-img\"><img decoding=\"async\" width=\"62\" height=\"69\" src=\"https:\/\/bekos.hr\/wp-content\/uploads\/2024\/05\/document-search-icon-1.svg\" class=\"attachment-full size-full wp-image-117\" alt=\"\" \/><\/figure><\/div>\t\t\t\t<\/div>\n\t\t\t\t<\/div>\n\t\t\t\t<\/div>\n\t\t\t\t<\/div>\n\t\t\t\t\t<\/div>\n\t\t\t\t<\/div>\n\t\t<div class=\"elementor-element elementor-element-c5f5d3f e-flex e-con-boxed e-con e-parent\" data-id=\"c5f5d3f\" data-element_type=\"container\">\n\t\t\t\t\t<div class=\"e-con-inner\">\n\t\t<div class=\"elementor-element elementor-element-f3dddd0 e-con-full e-flex e-con e-child\" data-id=\"f3dddd0\" data-element_type=\"container\">\n\t\t<div class=\"elementor-element elementor-element-f36bc38 e-con-full e-flex e-con e-child\" data-id=\"f36bc38\" data-element_type=\"container\" data-settings=\"{&quot;background_background&quot;:&quot;classic&quot;}\">\n\t\t\t\t<div class=\"elementor-element elementor-element-c45ebf8 animated-fast e-transform elementor-position-top elementor-invisible elementor-widget elementor-widget-image-box\" data-id=\"c45ebf8\" data-element_type=\"widget\" data-settings=\"{&quot;_animation&quot;:&quot;zoomIn&quot;,&quot;_transform_scale_effect&quot;:{&quot;unit&quot;:&quot;px&quot;,&quot;size&quot;:1.8,&quot;sizes&quot;:[]},&quot;_transform_scale_effect_tablet&quot;:{&quot;unit&quot;:&quot;px&quot;,&quot;size&quot;:&quot;&quot;,&quot;sizes&quot;:[]},&quot;_transform_scale_effect_mobile&quot;:{&quot;unit&quot;:&quot;px&quot;,&quot;size&quot;:&quot;&quot;,&quot;sizes&quot;:[]}}\" data-widget_type=\"image-box.default\">\n\t\t\t\t<div class=\"elementor-widget-container\">\n\t\t\t\t\t<div class=\"elementor-image-box-wrapper\"><figure class=\"elementor-image-box-img\"><img decoding=\"async\" width=\"70\" height=\"56\" src=\"https:\/\/bekos.hr\/wp-content\/uploads\/2024\/05\/language-solid-1.svg\" class=\"attachment-full size-full wp-image-119\" alt=\"\" \/><\/figure><\/div>\t\t\t\t<\/div>\n\t\t\t\t<\/div>\n\t\t\t\t<\/div>\n\t\t\t\t<\/div>\n\t\t<div class=\"elementor-element elementor-element-9d7f2d5 e-con-full e-flex e-con e-child\" data-id=\"9d7f2d5\" data-element_type=\"container\">\n\t\t\t\t<div class=\"elementor-element elementor-element-2ab9aae animated-fast elementor-invisible elementor-widget elementor-widget-heading\" data-id=\"2ab9aae\" data-element_type=\"widget\" data-settings=\"{&quot;_animation&quot;:&quot;fadeInUp&quot;,&quot;_animation_delay&quot;:1500}\" data-widget_type=\"heading.default\">\n\t\t\t\t<div class=\"elementor-widget-container\">\n\t\t\t\t\t<h2 class=\"elementor-heading-title elementor-size-default\">Oral translation<\/h2>\t\t\t\t<\/div>\n\t\t\t\t<\/div>\n\t\t\t\t<div class=\"elementor-element elementor-element-547cf07 animated-fast elementor-invisible elementor-widget elementor-widget-text-editor\" data-id=\"547cf07\" data-element_type=\"widget\" data-settings=\"{&quot;_animation&quot;:&quot;fadeInUp&quot;,&quot;_animation_delay&quot;:1800}\" data-widget_type=\"text-editor.default\">\n\t\t\t\t<div class=\"elementor-widget-container\">\n\t\t\t\t\t\t\t\t\t<p><span style=\"font-weight: 400;\">We all know that organizing a major event is a challenge. You intend to hold and\/or organize an international conference, business meeting or a convention involving numerous participants from different countries? In that case, you need simultaneous translation. Please contact us with confidence to retain our    <\/span><b>simultaneous translation service<\/b><span style=\"font-weight: 400;\">and our first-class team of translators will act as a communication bridge. In cooperation with our partners, we also offer simultaneous translation equipment, which primarily includes booths, microphones and all other required equipment. Please allow us to be your partner in this segment and provide you with top-level professional and technical support.  <\/span><\/p>\n<p>We also offer <b>consecutive translation<\/b> <span style=\"font-weight: 400;\">services<\/span>. This type of translation is normally required at court hearings, events or conventions with fewer participants, at execution of different contracts or documents before a notary public, or at weddings requiring the presence of a court interpreter or translator.<span style=\"font-weight: 400;\">.<br \/>\nTakva vrsta prevo\u0111enja je naj\u010de\u0161\u0107e potrebna na sudskim raspravama, doga\u0111ajima i skupovima s manjim brojem sudionika, prilikom potpisivanja raznih vrsta ugovora i isprava kod javnog bilje\u017enika kao i na vjen\u010danjima gdje je potrebna prisutnost sudskog tuma\u010da ili prevoditelja. <\/span><\/p>\n\t\t\t\t\t\t\t\t<\/div>\n\t\t\t\t<\/div>\n\t\t\t\t<\/div>\n\t\t\t\t\t<\/div>\n\t\t\t\t<\/div>\n\t\t\t\t<\/div>\n\t\t","protected":false},"excerpt":{"rendered":"<p>Translation agency Services tailored to your requirements We believe in the importance of accuracy and precision of our translations. Our basic offering includes written certified and uncertified translations and proofreading services, thus ensuring linguistic and stylistic correctness, as well as oral translation, specifically simultaneous translation for major conferences or events, and consecutive translation for structured [&hellip;]<\/p>\n","protected":false},"author":1,"featured_media":0,"parent":0,"menu_order":0,"comment_status":"closed","ping_status":"closed","template":"","meta":{"footnotes":""},"class_list":["post-727","page","type-page","status-publish","hentry"],"yoast_head":"<!-- This site is optimized with the Yoast SEO plugin v25.3.1 - https:\/\/yoast.com\/wordpress\/plugins\/seo\/ -->\n<title>Our services - Bekos d.o.o. Sudski tuma\u010di i prevoditelji<\/title>\n<meta name=\"description\" content=\"BEKOS d.o.o. is a translation office that primarily offers written certified or uncertified translation services in a wide variety of fields.\" \/>\n<meta name=\"robots\" content=\"index, follow, max-snippet:-1, max-image-preview:large, max-video-preview:-1\" \/>\n<link rel=\"canonical\" href=\"https:\/\/bekos.hr\/en\/our-services\/\" \/>\n<meta property=\"og:locale\" content=\"en_US\" \/>\n<meta property=\"og:type\" content=\"article\" \/>\n<meta property=\"og:title\" content=\"Our services - Bekos d.o.o. Sudski tuma\u010di i prevoditelji\" \/>\n<meta property=\"og:description\" content=\"BEKOS d.o.o. is a translation office that primarily offers written certified or uncertified translation services in a wide variety of fields.\" \/>\n<meta property=\"og:url\" content=\"https:\/\/bekos.hr\/en\/our-services\/\" \/>\n<meta property=\"og:site_name\" content=\"Bekos d.o.o. Sudski tuma\u010di i prevoditelji\" \/>\n<meta property=\"article:publisher\" content=\"https:\/\/www.facebook.com\/profile.php?id=100063510345548\" \/>\n<meta property=\"article:modified_time\" content=\"2024-10-09T08:49:54+00:00\" \/>\n<meta property=\"og:image\" content=\"https:\/\/bekos.hr\/wp-content\/uploads\/2024\/05\/language-translate-speech-bubbles-black-icon-1.svg\" \/>\n<meta name=\"twitter:card\" content=\"summary_large_image\" \/>\n<meta name=\"twitter:label1\" content=\"Est. reading time\" \/>\n\t<meta name=\"twitter:data1\" content=\"4 minutes\" \/>\n<script type=\"application\/ld+json\" class=\"yoast-schema-graph\">{\"@context\":\"https:\/\/schema.org\",\"@graph\":[{\"@type\":\"WebPage\",\"@id\":\"https:\/\/bekos.hr\/en\/our-services\/\",\"url\":\"https:\/\/bekos.hr\/en\/our-services\/\",\"name\":\"Our services - Bekos d.o.o. Sudski tuma\u010di i prevoditelji\",\"isPartOf\":{\"@id\":\"https:\/\/bekos.hr\/en\/#website\"},\"primaryImageOfPage\":{\"@id\":\"https:\/\/bekos.hr\/en\/our-services\/#primaryimage\"},\"image\":{\"@id\":\"https:\/\/bekos.hr\/en\/our-services\/#primaryimage\"},\"thumbnailUrl\":\"https:\/\/bekos.hr\/wp-content\/uploads\/2024\/05\/language-translate-speech-bubbles-black-icon-1.svg\",\"datePublished\":\"2024-07-08T11:55:52+00:00\",\"dateModified\":\"2024-10-09T08:49:54+00:00\",\"description\":\"BEKOS d.o.o. is a translation office that primarily offers written certified or uncertified translation services in a wide variety of fields.\",\"breadcrumb\":{\"@id\":\"https:\/\/bekos.hr\/en\/our-services\/#breadcrumb\"},\"inLanguage\":\"en-US\",\"potentialAction\":[{\"@type\":\"ReadAction\",\"target\":[\"https:\/\/bekos.hr\/en\/our-services\/\"]}]},{\"@type\":\"ImageObject\",\"inLanguage\":\"en-US\",\"@id\":\"https:\/\/bekos.hr\/en\/our-services\/#primaryimage\",\"url\":\"https:\/\/bekos.hr\/wp-content\/uploads\/2024\/05\/language-translate-speech-bubbles-black-icon-1.svg\",\"contentUrl\":\"https:\/\/bekos.hr\/wp-content\/uploads\/2024\/05\/language-translate-speech-bubbles-black-icon-1.svg\"},{\"@type\":\"BreadcrumbList\",\"@id\":\"https:\/\/bekos.hr\/en\/our-services\/#breadcrumb\",\"itemListElement\":[{\"@type\":\"ListItem\",\"position\":1,\"name\":\"Po\u010detna stranica\",\"item\":\"https:\/\/bekos.hr\/en\/\"},{\"@type\":\"ListItem\",\"position\":2,\"name\":\"Our services\"}]},{\"@type\":\"WebSite\",\"@id\":\"https:\/\/bekos.hr\/en\/#website\",\"url\":\"https:\/\/bekos.hr\/en\/\",\"name\":\"Bekos d.o.o. Sudski tuma\u010di i prevoditelji\",\"description\":\"\",\"publisher\":{\"@id\":\"https:\/\/bekos.hr\/en\/#organization\"},\"potentialAction\":[{\"@type\":\"SearchAction\",\"target\":{\"@type\":\"EntryPoint\",\"urlTemplate\":\"https:\/\/bekos.hr\/en\/?s={search_term_string}\"},\"query-input\":{\"@type\":\"PropertyValueSpecification\",\"valueRequired\":true,\"valueName\":\"search_term_string\"}}],\"inLanguage\":\"en-US\"},{\"@type\":\"Organization\",\"@id\":\"https:\/\/bekos.hr\/en\/#organization\",\"name\":\"Bekos d.o.o. Sudski tuma\u010di i prevoditelji\",\"url\":\"https:\/\/bekos.hr\/en\/\",\"logo\":{\"@type\":\"ImageObject\",\"inLanguage\":\"en-US\",\"@id\":\"https:\/\/bekos.hr\/en\/#\/schema\/logo\/image\/\",\"url\":\"https:\/\/bekos.hr\/wp-content\/uploads\/2024\/05\/BEKOS-LOGO-i-tekst.jpg\",\"contentUrl\":\"https:\/\/bekos.hr\/wp-content\/uploads\/2024\/05\/BEKOS-LOGO-i-tekst.jpg\",\"width\":847,\"height\":287,\"caption\":\"Bekos d.o.o. Sudski tuma\u010di i prevoditelji\"},\"image\":{\"@id\":\"https:\/\/bekos.hr\/en\/#\/schema\/logo\/image\/\"},\"sameAs\":[\"https:\/\/www.facebook.com\/profile.php?id=100063510345548\"]}]}<\/script>\n<!-- \/ Yoast SEO plugin. -->","yoast_head_json":{"title":"Our services - Bekos d.o.o. Sudski tuma\u010di i prevoditelji","description":"BEKOS d.o.o. is a translation office that primarily offers written certified or uncertified translation services in a wide variety of fields.","robots":{"index":"index","follow":"follow","max-snippet":"max-snippet:-1","max-image-preview":"max-image-preview:large","max-video-preview":"max-video-preview:-1"},"canonical":"https:\/\/bekos.hr\/en\/our-services\/","og_locale":"en_US","og_type":"article","og_title":"Our services - Bekos d.o.o. Sudski tuma\u010di i prevoditelji","og_description":"BEKOS d.o.o. is a translation office that primarily offers written certified or uncertified translation services in a wide variety of fields.","og_url":"https:\/\/bekos.hr\/en\/our-services\/","og_site_name":"Bekos d.o.o. Sudski tuma\u010di i prevoditelji","article_publisher":"https:\/\/www.facebook.com\/profile.php?id=100063510345548","article_modified_time":"2024-10-09T08:49:54+00:00","og_image":[{"url":"https:\/\/bekos.hr\/wp-content\/uploads\/2024\/05\/language-translate-speech-bubbles-black-icon-1.svg","type":"","width":"","height":""}],"twitter_card":"summary_large_image","twitter_misc":{"Est. reading time":"4 minutes"},"schema":{"@context":"https:\/\/schema.org","@graph":[{"@type":"WebPage","@id":"https:\/\/bekos.hr\/en\/our-services\/","url":"https:\/\/bekos.hr\/en\/our-services\/","name":"Our services - Bekos d.o.o. Sudski tuma\u010di i prevoditelji","isPartOf":{"@id":"https:\/\/bekos.hr\/en\/#website"},"primaryImageOfPage":{"@id":"https:\/\/bekos.hr\/en\/our-services\/#primaryimage"},"image":{"@id":"https:\/\/bekos.hr\/en\/our-services\/#primaryimage"},"thumbnailUrl":"https:\/\/bekos.hr\/wp-content\/uploads\/2024\/05\/language-translate-speech-bubbles-black-icon-1.svg","datePublished":"2024-07-08T11:55:52+00:00","dateModified":"2024-10-09T08:49:54+00:00","description":"BEKOS d.o.o. is a translation office that primarily offers written certified or uncertified translation services in a wide variety of fields.","breadcrumb":{"@id":"https:\/\/bekos.hr\/en\/our-services\/#breadcrumb"},"inLanguage":"en-US","potentialAction":[{"@type":"ReadAction","target":["https:\/\/bekos.hr\/en\/our-services\/"]}]},{"@type":"ImageObject","inLanguage":"en-US","@id":"https:\/\/bekos.hr\/en\/our-services\/#primaryimage","url":"https:\/\/bekos.hr\/wp-content\/uploads\/2024\/05\/language-translate-speech-bubbles-black-icon-1.svg","contentUrl":"https:\/\/bekos.hr\/wp-content\/uploads\/2024\/05\/language-translate-speech-bubbles-black-icon-1.svg"},{"@type":"BreadcrumbList","@id":"https:\/\/bekos.hr\/en\/our-services\/#breadcrumb","itemListElement":[{"@type":"ListItem","position":1,"name":"Po\u010detna stranica","item":"https:\/\/bekos.hr\/en\/"},{"@type":"ListItem","position":2,"name":"Our services"}]},{"@type":"WebSite","@id":"https:\/\/bekos.hr\/en\/#website","url":"https:\/\/bekos.hr\/en\/","name":"Bekos d.o.o. Sudski tuma\u010di i prevoditelji","description":"","publisher":{"@id":"https:\/\/bekos.hr\/en\/#organization"},"potentialAction":[{"@type":"SearchAction","target":{"@type":"EntryPoint","urlTemplate":"https:\/\/bekos.hr\/en\/?s={search_term_string}"},"query-input":{"@type":"PropertyValueSpecification","valueRequired":true,"valueName":"search_term_string"}}],"inLanguage":"en-US"},{"@type":"Organization","@id":"https:\/\/bekos.hr\/en\/#organization","name":"Bekos d.o.o. Sudski tuma\u010di i prevoditelji","url":"https:\/\/bekos.hr\/en\/","logo":{"@type":"ImageObject","inLanguage":"en-US","@id":"https:\/\/bekos.hr\/en\/#\/schema\/logo\/image\/","url":"https:\/\/bekos.hr\/wp-content\/uploads\/2024\/05\/BEKOS-LOGO-i-tekst.jpg","contentUrl":"https:\/\/bekos.hr\/wp-content\/uploads\/2024\/05\/BEKOS-LOGO-i-tekst.jpg","width":847,"height":287,"caption":"Bekos d.o.o. Sudski tuma\u010di i prevoditelji"},"image":{"@id":"https:\/\/bekos.hr\/en\/#\/schema\/logo\/image\/"},"sameAs":["https:\/\/www.facebook.com\/profile.php?id=100063510345548"]}]}},"_links":{"self":[{"href":"https:\/\/bekos.hr\/en\/wp-json\/wp\/v2\/pages\/727","targetHints":{"allow":["GET"]}}],"collection":[{"href":"https:\/\/bekos.hr\/en\/wp-json\/wp\/v2\/pages"}],"about":[{"href":"https:\/\/bekos.hr\/en\/wp-json\/wp\/v2\/types\/page"}],"author":[{"embeddable":true,"href":"https:\/\/bekos.hr\/en\/wp-json\/wp\/v2\/users\/1"}],"replies":[{"embeddable":true,"href":"https:\/\/bekos.hr\/en\/wp-json\/wp\/v2\/comments?post=727"}],"version-history":[{"count":1,"href":"https:\/\/bekos.hr\/en\/wp-json\/wp\/v2\/pages\/727\/revisions"}],"predecessor-version":[{"id":728,"href":"https:\/\/bekos.hr\/en\/wp-json\/wp\/v2\/pages\/727\/revisions\/728"}],"wp:attachment":[{"href":"https:\/\/bekos.hr\/en\/wp-json\/wp\/v2\/media?parent=727"}],"curies":[{"name":"wp","href":"https:\/\/api.w.org\/{rel}","templated":true}]}}